{"id":941,"date":"2023-09-22T17:16:43","date_gmt":"2023-09-22T10:16:43","guid":{"rendered":"https:\/\/sangkienvietnam.org\/?page_id=941"},"modified":"2024-12-18T15:26:47","modified_gmt":"2024-12-18T08:26:47","slug":"planning-for-binh-phuoc-province","status":"publish","type":"page","link":"https:\/\/sangkienvietnam.org\/vi\/planning-for-binh-phuoc-province\/","title":{"rendered":"Quy Ho\u1ea1ch T\u1ed5ng Th\u1ec3 T\u1ec9nh B\u00ecnh Ph\u01b0\u1edbc"},"content":{"rendered":"<div class=\"section-wrapper\" data-id=\"W3qKVc\"><section class=\"wp-block-gutenverse-section guten-element guten-section guten-W3qKVc hide-mobile layout-fullwidth align-stretch\"><div class=\"guten-background-overlay\"><\/div><div class=\"guten-shape-divider guten-shape-divider-top\"><\/div><div class=\"guten-shape-divider guten-shape-divider-bottom\"><\/div><div class=\"guten-container guten-column-gap-no\">\n<div class=\"wp-block-gutenverse-column guten-element guten-column guten-FW4Nv9\"><div class=\"guten-background-overlay\"><\/div><div class=\"sticky-wrapper\" data-id=\"FW4Nv9\"><div class=\"guten-column-wrapper\">\n<h2 class=\"wp-block-gutenverse-heading guten-element guten-apUVNs animated guten-element-hide desktop-fadeInLeft\">QUY HO\u1ea0CH T\u1ed4NG TH\u1ec2 T\u1ec8NH B\u00ccNH PH\u01af\u1edaC GIAI \u0110O\u1ea0N 2021-2030, T\u1ea6M NH\u00ccN \u0110\u1ebeN N\u0102M 2045<\/h2>\n\n\n\n<div class=\"guten-element gutenverse-text-editor guten-PAzYgW animated guten-element-hide desktop-fadeInLeft\"><div class=\"text-content-inner\">\n<p class=\"has-text-align-left has-white-color has-text-color has-open-sans-font-family has-normal-font-size\" style=\"padding-top:0;padding-right:0;padding-bottom:0;padding-left:0\"><strong>Kh\u00e1ch h\u00e0ng<\/strong>: S\u1edf K\u1ebf ho\u1ea1ch v\u00e0 \u0110\u1ea7u t\u01b0 B\u00ecnh Ph\u01b0\u1edbc<\/p>\n\n\n\n<p class=\"has-text-align-left link-hover has-white-color has-text-color has-open-sans-font-family has-normal-font-size\" style=\"padding-top:0;padding-right:0;padding-bottom:0;padding-left:0\"><strong>\u0110\u1ed1i t\u00e1c<\/strong>: <a href=\"https:\/\/encity.co\/\" data-type=\"link\" data-id=\"https:\/\/encity.co\/\"><mark style=\"background-color:rgba(0, 0, 0, 0)\" class=\"has-inline-color has-startupzy-bgsoft-color\">enCity<\/mark><\/a><\/p>\n<\/div><\/div>\n<\/div><\/div><\/div>\n\n\n\n<div class=\"wp-block-gutenverse-column guten-element guten-column guten-1cmvWe hide-tablet hide-mobile\"><div class=\"guten-background-overlay\"><\/div><div class=\"sticky-wrapper\" data-id=\"1cmvWe\"><div class=\"guten-column-wrapper\"><\/div><\/div><\/div>\n<\/div><\/section><\/div>\n\n\n\n<div class=\"section-wrapper\" data-id=\"LIDUrT\"><section class=\"wp-block-gutenverse-section guten-element guten-section guten-LIDUrT hide-desktop hide-tablet layout-fullwidth align-stretch\"><div class=\"guten-background-overlay\"><\/div><div class=\"guten-shape-divider guten-shape-divider-top\"><\/div><div class=\"guten-shape-divider guten-shape-divider-bottom\"><\/div><div class=\"guten-container guten-column-gap-no\">\n<div class=\"wp-block-gutenverse-column guten-element guten-column guten-tqkNXT\"><div class=\"guten-background-overlay\"><\/div><div class=\"sticky-wrapper\" data-id=\"tqkNXT\"><div class=\"guten-column-wrapper\">\n<div class=\"wp-block-gutenverse-image guten-element guten-image guten-nSYO7F\"><a class=\"guten-image-wrapper\"><img data-recalc-dims=\"1\" loading=\"lazy\" decoding=\"async\" class=\"gutenverse-image-box-filled\" src=\"https:\/\/i0.wp.com\/sangkienvietnam.org\/wp-content\/uploads\/2023\/10\/Binh-Phuoc.jpg?resize=1200%2C637&#038;ssl=1\" height=\"637\" width=\"1200\"\/><\/a><\/div>\n\n\n\n<h2 class=\"wp-block-gutenverse-heading guten-element guten-aR2PYe animated guten-element-hide desktop-fadeInLeft\">MASTER PLANNING FOR BINH PHUOC PROVINCE IN 2021-2030, VISION TO 2050<\/h2>\n<\/div><\/div><\/div>\n\n\n\n<div class=\"wp-block-gutenverse-column guten-element guten-column guten-gD0gOV\"><div class=\"guten-background-overlay\"><\/div><div class=\"sticky-wrapper\" data-id=\"gD0gOV\"><div class=\"guten-column-wrapper\">\n<div class=\"guten-element gutenverse-text-editor guten-MrTF8U animated guten-element-hide desktop-fadeInLeft\"><div class=\"text-content-inner\">\n<p class=\"has-text-align-left\" style=\"padding-top:0;padding-bottom:0;font-size:1rem\"><strong>Kh\u00e1ch h\u00e0ng<\/strong>: Binh Phuoc\u2019s Department of Investment and Planing<\/p>\n\n\n\n<p class=\"has-text-align-left has-startupzy-bg-overlay-color has-text-color has-open-sans-font-family\" style=\"padding-top:0;padding-bottom:0;font-size:1rem\"><strong>\u0110\u1ed1i t\u00e1c<\/strong>: <a href=\"https:\/\/encity.co\/\" data-type=\"link\" data-id=\"https:\/\/encity.co\/\"><mark style=\"background-color:rgba(0, 0, 0, 0);color:#e90000\" class=\"has-inline-color\">enCity<\/mark><\/a><\/p>\n<\/div><\/div>\n<\/div><\/div><\/div>\n<\/div><\/section><\/div>\n\n\n\n<div class=\"section-wrapper\" data-id=\"Z8kc4s\"><section class=\"wp-block-gutenverse-section guten-element guten-section guten-Z8kc4s layout-boxed align-stretch\"><div class=\"guten-background-overlay\"><\/div><div class=\"guten-shape-divider guten-shape-divider-top\"><\/div><div class=\"guten-shape-divider guten-shape-divider-bottom\"><\/div><div class=\"guten-container guten-column-gap-no\">\n<div class=\"wp-block-gutenverse-column guten-element guten-column guten-kIAy66\"><div class=\"guten-background-overlay\"><\/div><div class=\"sticky-wrapper\" data-id=\"kIAy66\"><div class=\"guten-column-wrapper\">\n<div class=\"guten-element gutenverse-text-editor guten-AUIgaF\"><div class=\"text-content-inner\">\n<p class=\"has-text-align-center has-text-color has-link-color has-primary-font-family wp-elements-000e5c3ab77a4cb42f253cbcd5785187\" style=\"color:#8b0000;font-size:30px\"><strong>K\u1ebeT QU\u1ea2<\/strong><\/p>\n<\/div><\/div>\n<\/div><\/div><\/div>\n<\/div><\/section><\/div>\n\n\n\n<div class=\"section-wrapper\" data-id=\"7HxRZU\"><section class=\"wp-block-gutenverse-section guten-element guten-section guten-7HxRZU layout-boxed align-stretch\"><div class=\"guten-background-overlay\"><\/div><div class=\"guten-shape-divider guten-shape-divider-top\"><\/div><div class=\"guten-shape-divider guten-shape-divider-bottom\"><\/div><div class=\"guten-container guten-column-gap-default\">\n<div class=\"wp-block-gutenverse-column guten-element guten-column guten-qKOzzG\"><div class=\"guten-background-overlay\"><\/div><div class=\"sticky-wrapper\" data-id=\"qKOzzG\"><div class=\"guten-column-wrapper\">\n<div class=\"guten-element gutenverse-text-editor guten-plBYbu\"><div class=\"text-content-inner\">\n<p class=\"has-text-align-left has-normal-font-size\" style=\"margin-top:0;margin-bottom:0;padding-top:0;padding-right:0;padding-bottom:var(--wp--preset--spacing--30);padding-left:0\">Quy ho\u1ea1ch t\u1ed5ng th\u1ec3 t\u1ec9nh B\u00ecnh Ph\u01b0\u1edbc nh\u1eb1m hi\u1ec7n th\u1ef1c h\u00f3a m\u1ee5c ti\u00eau ph\u00e1t tri\u1ec3n \u0111\u1ebfn n\u0103m 2030, B\u00ecnh Ph\u01b0\u1edbc tr\u1edf th\u00e0nh t\u1ec9nh c\u00f4ng nghi\u1ec7p theo h\u01b0\u1edbng hi\u1ec7n \u0111\u1ea1i, hi\u1ec7u qu\u1ea3 v\u00e0 b\u1ec1n v\u1eefng, l\u00e0 \u201c\u0111i\u1ec3m \u0111\u1ebfn h\u1ea5p d\u1eabn\u201d c\u1ee7a V\u00f9ng \u0110\u00f4ng Nam B\u1ed9.<\/p>\n\n\n\n<p class=\"has-text-align-left has-normal-font-size\" style=\"margin-top:0;margin-bottom:0;padding-top:0;padding-bottom:var(--wp--preset--spacing--30)\">Quy ho\u1ea1ch \u0111\u01b0\u1ee3c x\u00e2y d\u1ef1ng v\u1eefng ch\u1eafc tr\u00ean n\u1ec1n t\u1ea3ng b\u1ed1 tr\u00ed h\u1ea1 t\u1ea7ng h\u1ee3p l\u00fd v\u00e0 k\u1ebft n\u1ed1i li\u00ean ng\u00e0nh nh\u1eb1m t\u00ecm ra ch\u00ednh s\u00e1ch ph\u00e1t tri\u1ec3n b\u1ec1n v\u1eefng v\u1ec1 kinh t\u1ebf, x\u00e3 h\u1ed9i, m\u00f4i tr\u01b0\u1eddng v\u00e0 an ninh.<\/p>\n\n\n\n<p class=\"has-text-align-left has-normal-font-size\" style=\"margin-top:0;margin-bottom:0;padding-top:0;padding-bottom:0\">D\u1ef1 \u00e1n do Vi\u1ec7n S\u00e1ng ki\u1ebfn Vi\u1ec7t Nam v\u00e0 C\u00f4ng ty C\u1ed5 ph\u1ea7n Encity ph\u1ed1i h\u1ee3p th\u1ef1c hi\u1ec7n, v\u1edbi s\u1ef1 ph\u1ed1i h\u1ee3p ch\u1eb7t ch\u1ebd c\u1ee7a c\u00e1c b\u1ed9, ng\u00e0nh \u0111\u1ecba ph\u01b0\u01a1ng v\u00e0 trung \u01b0\u01a1ng.<\/p>\n<\/div><\/div>\n<\/div><\/div><\/div>\n\n\n\n<div class=\"wp-block-gutenverse-column guten-element guten-column guten-mbdgJp\"><div class=\"guten-background-overlay\"><\/div><div class=\"sticky-wrapper\" data-id=\"mbdgJp\"><div class=\"guten-column-wrapper\">\n<div class=\"wp-block-gutenverse-image guten-element guten-image guten-V2vj8c\"><a class=\"guten-image-wrapper\"><img data-recalc-dims=\"1\" loading=\"lazy\" decoding=\"async\" class=\"gutenverse-image-box-filled\" src=\"https:\/\/i0.wp.com\/sangkienvietnam.org\/wp-content\/uploads\/2023\/09\/1-11.webp?resize=534%2C413&#038;ssl=1\" height=\"413\" width=\"534\"\/><\/a><\/div>\n<\/div><\/div><\/div>\n<\/div><\/section><\/div>\n\n\n\n<div class=\"section-wrapper\" data-id=\"R1Fs69\"><section class=\"wp-block-gutenverse-section guten-element guten-section guten-R1Fs69 layout-boxed align-stretch\"><div class=\"guten-background-overlay\"><\/div><div class=\"guten-shape-divider guten-shape-divider-top\"><\/div><div class=\"guten-shape-divider guten-shape-divider-bottom\"><\/div><div class=\"guten-container guten-column-gap-default\"><\/div><\/section><\/div>\n\n\n\n<div class=\"section-wrapper\" data-id=\"ibsBby\"><section class=\"wp-block-gutenverse-section guten-element guten-section guten-ibsBby layout-boxed align-stretch\"><div class=\"guten-background-overlay\"><\/div><div class=\"guten-shape-divider guten-shape-divider-top\"><\/div><div class=\"guten-shape-divider guten-shape-divider-bottom\"><\/div><div class=\"guten-container guten-column-gap-no\">\n<div class=\"wp-block-gutenverse-column guten-element guten-column guten-hpxvqP\"><div class=\"guten-background-overlay\"><\/div><div class=\"sticky-wrapper\" data-id=\"hpxvqP\"><div class=\"guten-column-wrapper\">\n<div class=\"guten-element gutenverse-text-editor guten-8aeLYd\"><div class=\"text-content-inner\">\n<p class=\"has-text-align-center has-text-color has-link-color has-primary-font-family wp-elements-ab863a45dcbeeb903eea27a1815361fe\" style=\"color:#8b0000;font-size:30px\"><strong>TIN M\u1edaI NH\u1ea4T<\/strong><\/p>\n<\/div><\/div>\n<\/div><\/div><\/div>\n<\/div><\/section><\/div>\n\n\n\n<div class=\"section-wrapper\" data-id=\"sehuDB\"><section class=\"wp-block-gutenverse-section guten-element guten-section guten-sehuDB layout-boxed align-stretch\"><div class=\"guten-background-overlay\"><\/div><div class=\"guten-shape-divider guten-shape-divider-top\"><\/div><div class=\"guten-shape-divider guten-shape-divider-bottom\"><\/div><div class=\"guten-container guten-column-gap-default\">\n<div class=\"wp-block-gutenverse-column guten-element guten-column guten-2nSoO2\"><div class=\"guten-background-overlay\"><\/div><div class=\"sticky-wrapper\" data-id=\"2nSoO2\"><div class=\"guten-column-wrapper\"><div class=\"root-eb-post-grid-82jpu6v wp-block-essential-blocks-post-grid\">\n    <div class=\"eb-parent-wrapper eb-parent-eb-post-grid-82jpu6v\">\n        <div class=\"eb-post-grid-82jpu6v style-2 eb-post-grid-wrapper\"\n            data-id=\"eb-post-grid-82jpu6v\"\n            data-querydata=\"{&quot;source&quot;:&quot;post&quot;,&quot;sourceIndex&quot;:0,&quot;rest_base&quot;:&quot;posts&quot;,&quot;rest_namespace&quot;:&quot;wp\\\/v2&quot;,&quot;author&quot;:&quot;&quot;,&quot;taxonomies&quot;:{&quot;category&quot;:{&quot;name&quot;:&quot;Categories&quot;,&quot;rest_base&quot;:&quot;categories&quot;,&quot;rest_namespace&quot;:&quot;wp\\\/v2&quot;,&quot;slug&quot;:&quot;category&quot;,&quot;value&quot;:&quot;[{\\&quot;value\\&quot;:1369,\\&quot;label\\&quot;:\\&quot;Binh Phuoc\\&quot;}]&quot;}},&quot;per_page&quot;:&quot;3&quot;,&quot;offset&quot;:&quot;0&quot;,&quot;orderby&quot;:&quot;date&quot;,&quot;order&quot;:&quot;desc&quot;,&quot;include&quot;:&quot;&quot;,&quot;exclude&quot;:&quot;&quot;,&quot;exclude_current&quot;:false}\"\n            data-attributes=\"{&quot;thumbnailSize&quot;:&quot;&quot;,&quot;loadMoreOptions&quot;:{&quot;enableMorePosts&quot;:true,&quot;loadMoreType&quot;:&quot;2&quot;,&quot;loadMoreButtonTxt&quot;:&quot;Load More&quot;,&quot;alignment&quot;:&quot;center&quot;,&quot;prevTxt&quot;:&quot;&lt;&quot;,&quot;nextTxt&quot;:&quot;&gt;&quot;,&quot;totalPosts&quot;:2},&quot;showSearch&quot;:false,&quot;showTaxonomyFilter&quot;:false,&quot;enableAjaxSearch&quot;:false,&quot;addIcon&quot;:false,&quot;iconPosition&quot;:&quot;left&quot;,&quot;icon&quot;:&quot;fas fa-chevron-right&quot;,&quot;preset&quot;:&quot;style-2&quot;,&quot;defaultFilter&quot;:&quot;all&quot;,&quot;version&quot;:&quot;v2&quot;,&quot;showBlockContent&quot;:true,&quot;showFallbackImg&quot;:false,&quot;fallbackImgUrl&quot;:&quot;&quot;,&quot;showThumbnail&quot;:true,&quot;showTitle&quot;:true,&quot;titleLength&quot;:&quot;&quot;,&quot;titleTag&quot;:&quot;h2&quot;,&quot;showContent&quot;:false,&quot;contentLength&quot;:20,&quot;expansionIndicator&quot;:&quot;...&quot;,&quot;showReadMore&quot;:false,&quot;readmoreText&quot;:&quot;Read More&quot;,&quot;showMeta&quot;:false,&quot;headerMeta&quot;:&quot;[{\\&quot;value\\&quot;:\\&quot;date\\&quot;,\\&quot;label\\&quot;:\\&quot;Published Date\\&quot;}]&quot;,&quot;footerMeta&quot;:&quot;[{\\&quot;value\\&quot;:\\&quot;avatar\\&quot;,\\&quot;label\\&quot;:\\&quot;Author Avatar\\&quot;},{\\&quot;value\\&quot;:\\&quot;author\\&quot;,\\&quot;label\\&quot;:\\&quot;Author Name\\&quot;}]&quot;,&quot;authorPrefix&quot;:&quot;by&quot;,&quot;datePrefix&quot;:&quot;on&quot;}\">\n\n            \n\n            <div class=\"eb-post-grid-posts-wrapper\"><article class=\"ebpg-grid-post ebpg-post-grid-column\" data-id=\"3221\"><div class=\"ebpg-grid-post-holder\"><div class=\"ebpg-entry-wrapper\"><div class=\"ebpg-entry-media\">\n                <div class=\"ebpg-entry-thumbnail\">\n                    <a class=\"ebpg-post-link-wrapper eb-sr-only\" href=\"https:\/\/sangkienvietnam.org\/vi\/approval-of-binh-phuoc-provincial-plan-for-the-period-2021-2030-vision-to-2050\/\">Ph\u00ea duy\u1ec7t Quy ho\u1ea1ch t\u1ec9nh B\u00ecnh Ph\u01b0\u1edbc giai \u0111o\u1ea1n 2021-2030, t\u1ea7m nh\u00ecn \u0111\u1ebfn n\u0103m 2050<\/a>\n                    <img loading=\"lazy\" decoding=\"async\" width=\"820\" height=\"490\" src=\"https:\/\/i0.wp.com\/sangkienvietnam.org\/wp-content\/uploads\/2023\/12\/dong-xoai2-8816.jpg.webp?fit=820%2C490&amp;ssl=1\" class=\"attachment-full size-full\" alt=\"\" data-attachment-id=\"3228\" data-permalink=\"https:\/\/sangkienvietnam.org\/vi\/approval-of-binh-phuoc-provincial-plan-for-the-period-2021-2030-vision-to-2050\/dong-xoai2-8816-jpg\/\" data-orig-file=\"https:\/\/i0.wp.com\/sangkienvietnam.org\/wp-content\/uploads\/2023\/12\/dong-xoai2-8816.jpg.webp?fit=820%2C490&amp;ssl=1\" data-orig-size=\"820,490\" data-comments-opened=\"1\" data-image-meta=\"{&quot;aperture&quot;:&quot;0&quot;,&quot;credit&quot;:&quot;&quot;,&quot;camera&quot;:&quot;&quot;,&quot;caption&quot;:&quot;&quot;,&quot;created_timestamp&quot;:&quot;0&quot;,&quot;copyright&quot;:&quot;&quot;,&quot;focal_length&quot;:&quot;0&quot;,&quot;iso&quot;:&quot;0&quot;,&quot;shutter_speed&quot;:&quot;0&quot;,&quot;title&quot;:&quot;&quot;,&quot;orientation&quot;:&quot;0&quot;}\" data-image-title=\"dong-xoai2-8816.jpg\" data-image-description=\"\" data-image-caption=\"\" data-large-file=\"https:\/\/i0.wp.com\/sangkienvietnam.org\/wp-content\/uploads\/2023\/12\/dong-xoai2-8816.jpg.webp?fit=820%2C490&amp;ssl=1\" \/>\n                <\/div>\n            <\/div><header class=\"ebpg-entry-header\">\n            <h2 class=\"ebpg-entry-title\">\n                <a class=\"ebpg-grid-post-link\" href=\"https:\/\/sangkienvietnam.org\/vi\/approval-of-binh-phuoc-provincial-plan-for-the-period-2021-2030-vision-to-2050\/\" title=\"approvalofbinhphuocprovincialplanfortheperiod2021-2030visionto2050\">Ph\u00ea duy\u1ec7t Quy ho\u1ea1ch t\u1ec9nh B\u00ecnh Ph\u01b0\u1edbc giai \u0111o\u1ea1n 2021-2030, t\u1ea7m nh\u00ecn \u0111\u1ebfn n\u0103m 2050<\/a>\n            <\/h2>\n        <\/header><\/div><\/div><\/article><article class=\"ebpg-grid-post ebpg-post-grid-column\" data-id=\"686\"><div class=\"ebpg-grid-post-holder\"><div class=\"ebpg-entry-wrapper\"><div class=\"ebpg-entry-media\">\n                <div class=\"ebpg-entry-thumbnail\">\n                    <a class=\"ebpg-post-link-wrapper eb-sr-only\" href=\"https:\/\/sangkienvietnam.org\/vi\/binh-phuoc-commenting-on-the-provincial-planning-report-for-the-period-of-2021-2030\/\">B\u00ecnh Ph\u01b0\u1edbc: G\u00f3p \u00fd b\u00e1o c\u00e1o quy ho\u1ea1ch t\u1ec9nh giai \u0111o\u1ea1n 2021-2030, t\u1ea7m nh\u00ecn 2050<\/a>\n                    <img loading=\"lazy\" decoding=\"async\" width=\"925\" height=\"579\" src=\"https:\/\/i0.wp.com\/sangkienvietnam.org\/wp-content\/uploads\/2021\/12\/1.webp?fit=925%2C579&amp;ssl=1\" class=\"attachment-full size-full\" alt=\"\" data-attachment-id=\"693\" data-permalink=\"https:\/\/sangkienvietnam.org\/vi\/binh-phuoc-commenting-on-the-provincial-planning-report-for-the-period-of-2021-2030\/1-6\/\" data-orig-file=\"https:\/\/i0.wp.com\/sangkienvietnam.org\/wp-content\/uploads\/2021\/12\/1.webp?fit=925%2C579&amp;ssl=1\" data-orig-size=\"925,579\" data-comments-opened=\"1\" data-image-meta=\"{&quot;aperture&quot;:&quot;0&quot;,&quot;credit&quot;:&quot;&quot;,&quot;camera&quot;:&quot;&quot;,&quot;caption&quot;:&quot;&quot;,&quot;created_timestamp&quot;:&quot;0&quot;,&quot;copyright&quot;:&quot;&quot;,&quot;focal_length&quot;:&quot;0&quot;,&quot;iso&quot;:&quot;0&quot;,&quot;shutter_speed&quot;:&quot;0&quot;,&quot;title&quot;:&quot;&quot;,&quot;orientation&quot;:&quot;0&quot;}\" data-image-title=\"1\" data-image-description=\"\" data-image-caption=\"\" data-large-file=\"https:\/\/i0.wp.com\/sangkienvietnam.org\/wp-content\/uploads\/2021\/12\/1.webp?fit=925%2C579&amp;ssl=1\" \/>\n                <\/div>\n            <\/div><header class=\"ebpg-entry-header\">\n            <h2 class=\"ebpg-entry-title\">\n                <a class=\"ebpg-grid-post-link\" href=\"https:\/\/sangkienvietnam.org\/vi\/binh-phuoc-commenting-on-the-provincial-planning-report-for-the-period-of-2021-2030\/\" title=\"binhphuoc:commentingontheprovincialplanningreportfortheperiodof2021-2030\">B\u00ecnh Ph\u01b0\u1edbc: G\u00f3p \u00fd b\u00e1o c\u00e1o quy ho\u1ea1ch t\u1ec9nh giai \u0111o\u1ea1n 2021-2030, t\u1ea7m nh\u00ecn 2050<\/a>\n            <\/h2>\n        <\/header><\/div><\/div><\/article><\/div><p class=\"eb-no-posts eb-loadmore-no-post\" style=\"display: none;\">No more posts<\/p>        <\/div>\n    <\/div>\n<\/div>\n<\/div><\/div><\/div>\n<\/div><\/section><\/div>","protected":false},"excerpt":{"rendered":"","protected":false},"author":239629012,"featured_media":0,"parent":0,"menu_order":0,"comment_status":"closed","ping_status":"closed","template":"","meta":{"pgc_meta":"","_eb_attr":"","advanced_seo_description":"","jetpack_seo_html_title":"","jetpack_seo_noindex":false,"footnotes":"","_links_to":"","_links_to_target":""},"class_list":["post-941","page","type-page","status-publish","hentry"],"pgc_meta":"","jetpack_likes_enabled":true,"jetpack_sharing_enabled":true,"jetpack_shortlink":"https:\/\/wp.me\/Pf6FVO-fb","jetpack-related-posts":[],"_links":{"self":[{"href":"https:\/\/sangkienvietnam.org\/vi\/wp-json\/wp\/v2\/pages\/941","targetHints":{"allow":["GET"]}}],"collection":[{"href":"https:\/\/sangkienvietnam.org\/vi\/wp-json\/wp\/v2\/pages"}],"about":[{"href":"https:\/\/sangkienvietnam.org\/vi\/wp-json\/wp\/v2\/types\/page"}],"author":[{"embeddable":true,"href":"https:\/\/sangkienvietnam.org\/vi\/wp-json\/wp\/v2\/users\/239629012"}],"replies":[{"embeddable":true,"href":"https:\/\/sangkienvietnam.org\/vi\/wp-json\/wp\/v2\/comments?post=941"}],"version-history":[{"count":56,"href":"https:\/\/sangkienvietnam.org\/vi\/wp-json\/wp\/v2\/pages\/941\/revisions"}],"predecessor-version":[{"id":5950,"href":"https:\/\/sangkienvietnam.org\/vi\/wp-json\/wp\/v2\/pages\/941\/revisions\/5950"}],"wp:attachment":[{"href":"https:\/\/sangkienvietnam.org\/vi\/wp-json\/wp\/v2\/media?parent=941"}],"curies":[{"name":"wp","href":"https:\/\/api.w.org\/{rel}","templated":true}]}}