{"id":939,"date":"2023-09-22T17:15:50","date_gmt":"2023-09-22T10:15:50","guid":{"rendered":"https:\/\/sangkienvietnam.org\/?page_id=939"},"modified":"2024-12-18T15:27:23","modified_gmt":"2024-12-18T08:27:23","slug":"usaid-linksme","status":"publish","type":"page","link":"https:\/\/sangkienvietnam.org\/vi\/usaid-linksme\/","title":{"rendered":"C\u1eaft Gi\u1ea3m C\u00e1c Y\u00eau C\u1ea7u Kinh Doanh (USAID LinkSME)"},"content":{"rendered":"<div class=\"section-wrapper\" data-id=\"W3qKVc\"><section class=\"wp-block-gutenverse-section guten-element guten-section guten-W3qKVc hide-mobile layout-fullwidth align-stretch\"><div class=\"guten-background-overlay\"><\/div><div class=\"guten-shape-divider guten-shape-divider-top\"><\/div><div class=\"guten-shape-divider guten-shape-divider-bottom\"><\/div><div class=\"guten-container guten-column-gap-no\">\n<div class=\"wp-block-gutenverse-column guten-element guten-column guten-FW4Nv9\"><div class=\"guten-background-overlay\"><\/div><div class=\"sticky-wrapper\" data-id=\"FW4Nv9\"><div class=\"guten-column-wrapper\">\n<h2 class=\"wp-block-gutenverse-heading guten-element guten-apUVNs animated guten-element-hide desktop-fadeInLeft\">C\u1eaeT GI\u1ea2M C\u00c1C Y\u00caU C\u1ea6U KINH DOANH (USAID LinkSME)<\/h2>\n\n\n\n<div class=\"guten-element gutenverse-text-editor guten-PAzYgW animated guten-element-hide desktop-fadeInLeft\"><div class=\"text-content-inner\">\n<p class=\"has-text-align-left has-white-color has-text-color has-open-sans-font-family has-normal-font-size\" style=\"padding-top:0;padding-right:0;padding-bottom:0;padding-left:0\">\u0110\u01b0\u1ee3c tri\u1ec3n khai t\u1eeb n\u0103m 2018 \u0111\u1ebfn n\u0103m 2023, SKVN g\u00f3p ph\u1ea7n x\u00e2y d\u1ef1ng m\u1ed9t m\u00f4i tr\u01b0\u1eddng thu\u1eadn l\u1ee3i b\u1eb1ng c\u00e1ch h\u1ed7 tr\u1ee3 nh\u1eefng c\u1ea3i c\u00e1ch quan tr\u1ecdng v\u00e0 h\u1ed7 tr\u1ee3 c\u00e1c m\u1ee5c ti\u00eau c\u1ee7a Vi\u1ec7t Nam l\u00e0 m\u1edf r\u1ed9ng t\u0103ng tr\u01b0\u1edfng to\u00e0n di\u1ec7n, theo \u0111\u1ecbnh h\u01b0\u1edbng th\u1ecb tr\u01b0\u1eddng v\u00e0 do khu v\u1ef1c t\u01b0 nh\u00e2n d\u1eabn d\u1eaft.<\/p>\n<\/div><\/div>\n<\/div><\/div><\/div>\n\n\n\n<div class=\"wp-block-gutenverse-column guten-element guten-column guten-1cmvWe hide-tablet hide-mobile\"><div class=\"guten-background-overlay\"><\/div><div class=\"sticky-wrapper\" data-id=\"1cmvWe\"><div class=\"guten-column-wrapper\"><\/div><\/div><\/div>\n<\/div><\/section><\/div>\n\n\n\n<div class=\"section-wrapper\" data-id=\"LIDUrT\"><section class=\"wp-block-gutenverse-section guten-element guten-section guten-LIDUrT hide-desktop hide-tablet layout-fullwidth align-stretch\"><div class=\"guten-background-overlay\"><\/div><div class=\"guten-shape-divider guten-shape-divider-top\"><\/div><div class=\"guten-shape-divider guten-shape-divider-bottom\"><\/div><div class=\"guten-container guten-column-gap-no\">\n<div class=\"wp-block-gutenverse-column guten-element guten-column guten-tqkNXT\"><div class=\"guten-background-overlay\"><\/div><div class=\"sticky-wrapper\" data-id=\"tqkNXT\"><div class=\"guten-column-wrapper\">\n<div class=\"wp-block-gutenverse-image guten-element guten-image guten-nSYO7F\"><a class=\"guten-image-wrapper\"><img data-recalc-dims=\"1\" loading=\"lazy\" decoding=\"async\" class=\"gutenverse-image-box-filled\" src=\"https:\/\/i0.wp.com\/sangkienvietnam.org\/wp-content\/uploads\/2023\/10\/unnamed-7.jpg?resize=2048%2C1536&#038;ssl=1\" height=\"1536\" width=\"2048\"\/><\/a><\/div>\n\n\n\n<h2 class=\"wp-block-gutenverse-heading guten-element guten-aR2PYe animated guten-element-hide desktop-fadeInLeft\">C\u1eaeT GI\u1ea2M C\u00c1C Y\u00caU C\u1ea6U KINH DOANH (USAID LinkSME)<\/h2>\n<\/div><\/div><\/div>\n\n\n\n<div class=\"wp-block-gutenverse-column guten-element guten-column guten-gD0gOV\"><div class=\"guten-background-overlay\"><\/div><div class=\"sticky-wrapper\" data-id=\"gD0gOV\"><div class=\"guten-column-wrapper\">\n<div class=\"guten-element gutenverse-text-editor guten-MrTF8U animated guten-element-hide desktop-fadeInLeft\"><div class=\"text-content-inner\">\n<p class=\"has-text-align-center has-black-color has-text-color has-open-sans-font-family\" style=\"padding-top:0;padding-bottom:0;font-size:1rem\">\u0110\u01b0\u1ee3c tri\u1ec3n khai t\u1eeb n\u0103m 2018 \u0111\u1ebfn n\u0103m 2023, SKVN g\u00f3p ph\u1ea7n x\u00e2y d\u1ef1ng m\u1ed9t m\u00f4i tr\u01b0\u1eddng thu\u1eadn l\u1ee3i b\u1eb1ng c\u00e1ch h\u1ed7 tr\u1ee3 nh\u1eefng c\u1ea3i c\u00e1ch quan tr\u1ecdng v\u00e0 h\u1ed7 tr\u1ee3 c\u00e1c m\u1ee5c ti\u00eau c\u1ee7a Vi\u1ec7t Nam l\u00e0 m\u1edf r\u1ed9ng t\u0103ng tr\u01b0\u1edfng to\u00e0n di\u1ec7n, theo \u0111\u1ecbnh h\u01b0\u1edbng th\u1ecb tr\u01b0\u1eddng v\u00e0 do khu v\u1ef1c t\u01b0 nh\u00e2n d\u1eabn d\u1eaft.<\/p>\n<\/div><\/div>\n<\/div><\/div><\/div>\n\n\n\n<div class=\"wp-block-gutenverse-column guten-element guten-column guten-cJQ3JD\"><div class=\"guten-background-overlay\"><\/div><div class=\"sticky-wrapper\" data-id=\"cJQ3JD\"><div class=\"guten-column-wrapper\"><\/div><\/div><\/div>\n<\/div><\/section><\/div>\n\n\n\n<div class=\"section-wrapper\" data-id=\"EV4BUb\"><section class=\"wp-block-gutenverse-section guten-element guten-section guten-EV4BUb layout-boxed align-stretch\"><div class=\"guten-background-overlay\"><\/div><div class=\"guten-shape-divider guten-shape-divider-top\"><\/div><div class=\"guten-shape-divider guten-shape-divider-bottom\"><\/div><div class=\"guten-container guten-column-gap-no\">\n<div class=\"wp-block-gutenverse-column guten-element guten-column guten-9bwicd animated guten-element-hide desktop-fadeInLeft\"><div class=\"guten-background-overlay\"><\/div><div class=\"sticky-wrapper\" data-id=\"9bwicd\"><div class=\"guten-column-wrapper\">\n<div class=\"guten-element gutenverse-text-editor guten-O9st50 hide-tablet hide-mobile\"><div class=\"text-content-inner\">\n<p class=\"has-text-align-left has-open-sans-font-family\" style=\"padding-top:0;padding-bottom:0;font-size:1.25rem\">M\u1ee5c ti\u00eau c\u1ee7a D\u1ef1 \u00e1n Th\u00fac \u0111\u1ea9y c\u1ea3i c\u00e1ch v\u00e0 n\u00e2ng cao n\u0103ng l\u1ef1c k\u1ebft n\u1ed1i c\u1ee7a doanh nghi\u1ec7p nh\u1ecf v\u00e0 v\u1eeba do USAID t\u00e0i tr\u1ee3 (LinkSME) l\u00e0 t\u0103ng c\u01b0\u1eddng n\u0103ng l\u1ef1c cho c\u00e1c t\u1ed5 ch\u1ee9c trung gian t\u1ea1i Vi\u1ec7t Nam, nh\u01b0 c\u00e1c hi\u1ec7p h\u1ed9i doanh nghi\u1ec7p, trung t\u00e2m h\u1ed7 tr\u1ee3 xu\u1ea5t kh\u1ea9u, v\u00e0 c\u00e1c \u0111\u01a1n v\u1ecb x\u00fac ti\u1ebfn doanh nghi\u1ec7p nh\u1ecf v\u00e0 v\u1eeba, \u0111\u1ec3 th\u00fac \u0111\u1ea9y m\u1ed1i quan h\u1ec7 cung-c\u1ea7u gi\u1eefa DNNVV v\u1edbi c\u00e1c doanh nghi\u1ec7p \u0111\u1ea7u chu\u1ed7i t\u1ea1i Vi\u1ec7t Nam \u0111\u1ed3ng th\u1eddi n\u00e2ng cao kh\u1ea3 n\u0103ng tham gia chu\u1ed7i cung \u1ee9ng s\u1ea3n xu\u1ea5t c\u1ee7a DNNVV. USAID LinkSME s\u1ebd th\u00fac \u0111\u1ea9y vi\u1ec7c t\u1ea1o \u0111i\u1ec1u ki\u1ec7n thu\u1eadn l\u1ee3i cho m\u00f4i tr\u01b0\u1eddng kinh doanh th\u00f4ng qua th\u1ec3 ch\u1ebf h\u00f3a c\u00e1c c\u1ea3i c\u00e1ch ch\u00ednh v\u00e0 t\u0103ng c\u01b0\u1eddng khung ph\u00e1p l\u00fd \u0111\u1ec3 DNNVV ph\u00e1t tri\u1ec3n tr\u00ean to\u00e0n qu\u1ed1c. Tr\u00ean h\u1ebft, d\u1ef1 \u00e1n n\u00e0y s\u1ebd th\u00fac \u0111\u1ea9y t\u1ea7m nh\u00ecn v\u1ec1 t\u0103ng c\u01b0\u1eddng kh\u1ea3 n\u0103ng c\u1ea1nh tranh kinh t\u1ebf khu v\u1ef1c \u1ea4n \u0110\u1ed9 D\u01b0\u01a1ng - Th\u00e1i B\u00ecnh D\u01b0\u01a1ng v\u00e0 h\u1ed7 tr\u1ee3 m\u1ee5c ti\u00eau c\u1ee7a USAID Vi\u1ec7t Nam l\u00e0 gi\u00fap m\u1edf r\u1ed9ng t\u0103ng tr\u01b0\u1edfng bao tr\u00f9m, theo \u0111\u1ecbnh h\u01b0\u1edbng th\u1ecb tr\u01b0\u1eddng v\u00e0 do khu v\u1ef1c t\u01b0 nh\u00e2n d\u1eabn d\u1eaft.<\/p>\n<\/div><\/div>\n\n\n\n<div class=\"guten-element gutenverse-text-editor guten-Oimvf6 hide-desktop\"><div class=\"text-content-inner\">\n<p class=\"has-text-align-left has-open-sans-font-family\" style=\"padding-top:0;padding-bottom:0;font-size:1rem\">M\u1ee5c ti\u00eau c\u1ee7a D\u1ef1 \u00e1n Th\u00fac \u0111\u1ea9y c\u1ea3i c\u00e1ch v\u00e0 n\u00e2ng cao n\u0103ng l\u1ef1c k\u1ebft n\u1ed1i c\u1ee7a doanh nghi\u1ec7p nh\u1ecf v\u00e0 v\u1eeba do USAID t\u00e0i tr\u1ee3 (LinkSME) l\u00e0 t\u0103ng c\u01b0\u1eddng n\u0103ng l\u1ef1c cho c\u00e1c t\u1ed5 ch\u1ee9c trung gian t\u1ea1i Vi\u1ec7t Nam, nh\u01b0 c\u00e1c hi\u1ec7p h\u1ed9i doanh nghi\u1ec7p, trung t\u00e2m h\u1ed7 tr\u1ee3 xu\u1ea5t kh\u1ea9u, v\u00e0 c\u00e1c \u0111\u01a1n v\u1ecb x\u00fac ti\u1ebfn doanh nghi\u1ec7p nh\u1ecf v\u00e0 v\u1eeba, \u0111\u1ec3 th\u00fac \u0111\u1ea9y m\u1ed1i quan h\u1ec7 cung-c\u1ea7u gi\u1eefa DNNVV v\u1edbi c\u00e1c doanh nghi\u1ec7p \u0111\u1ea7u chu\u1ed7i t\u1ea1i Vi\u1ec7t Nam \u0111\u1ed3ng th\u1eddi n\u00e2ng cao kh\u1ea3 n\u0103ng tham gia chu\u1ed7i cung \u1ee9ng s\u1ea3n xu\u1ea5t c\u1ee7a DNNVV. USAID LinkSME s\u1ebd th\u00fac \u0111\u1ea9y vi\u1ec7c t\u1ea1o \u0111i\u1ec1u ki\u1ec7n thu\u1eadn l\u1ee3i cho m\u00f4i tr\u01b0\u1eddng kinh doanh th\u00f4ng qua th\u1ec3 ch\u1ebf h\u00f3a c\u00e1c c\u1ea3i c\u00e1ch ch\u00ednh v\u00e0 t\u0103ng c\u01b0\u1eddng khung ph\u00e1p l\u00fd \u0111\u1ec3 DNNVV ph\u00e1t tri\u1ec3n tr\u00ean to\u00e0n qu\u1ed1c. Tr\u00ean h\u1ebft, d\u1ef1 \u00e1n n\u00e0y s\u1ebd th\u00fac \u0111\u1ea9y t\u1ea7m nh\u00ecn v\u1ec1 t\u0103ng c\u01b0\u1eddng kh\u1ea3 n\u0103ng c\u1ea1nh tranh kinh t\u1ebf khu v\u1ef1c \u1ea4n \u0110\u1ed9 D\u01b0\u01a1ng - Th\u00e1i B\u00ecnh D\u01b0\u01a1ng v\u00e0 h\u1ed7 tr\u1ee3 m\u1ee5c ti\u00eau c\u1ee7a USAID Vi\u1ec7t Nam l\u00e0 gi\u00fap m\u1edf r\u1ed9ng t\u0103ng tr\u01b0\u1edfng bao tr\u00f9m, theo \u0111\u1ecbnh h\u01b0\u1edbng th\u1ecb tr\u01b0\u1eddng v\u00e0 do khu v\u1ef1c t\u01b0 nh\u00e2n d\u1eabn d\u1eaft.<\/p>\n<\/div><\/div>\n<\/div><\/div><\/div>\n<\/div><\/section><\/div>\n\n\n\n<div class=\"section-wrapper\" data-id=\"jQVeqc\"><section class=\"wp-block-gutenverse-section guten-element guten-section guten-jQVeqc layout-boxed align-stretch\"><div class=\"guten-background-overlay\"><\/div><div class=\"guten-shape-divider guten-shape-divider-top\"><\/div><div class=\"guten-shape-divider guten-shape-divider-bottom\"><\/div><div class=\"guten-container guten-column-gap-no\">\n<div class=\"wp-block-gutenverse-column guten-element guten-column guten-aArZlc animated guten-element-hide desktop-fadeInLeft\"><div class=\"guten-background-overlay\"><\/div><div class=\"sticky-wrapper\" data-id=\"aArZlc\"><div class=\"guten-column-wrapper\">\n<div class=\"guten-element gutenverse-text-editor guten-0FSabi\"><div class=\"text-content-inner\">\n<p class=\"has-text-align-center has-text-color has-link-color has-primary-font-family wp-elements-b3ff49b54a9a37128037bc290435620d\" style=\"color:#8b0000;font-size:2rem\"><strong>M\u1ee4C TI\u00caU<\/strong><\/p>\n\n\n\n<p class=\"has-text-align-left has-open-sans-font-family\" style=\"padding-top:0;padding-bottom:0;font-size:1rem\">M\u1ee5c ti\u00eau c\u1ee7a d\u1ecbch v\u1ee5 t\u01b0 v\u1ea5n n\u00e0y trong vi\u1ec7c c\u1eaft gi\u1ea3m, \u0111\u01a1n gi\u1ea3n h\u00f3a c\u00e1c quy \u0111\u1ecbnh kinh doanh l\u00e0 h\u1ed7 tr\u1ee3 C\u1ee5c ki\u1ec3m so\u00e1t th\u1ee7 t\u1ee5c h\u00e0nh ch\u00ednh (APCA) th\u1ef1c hi\u1ec7n nhi\u1ec7m v\u1ee5 theo Ngh\u1ecb quy\u1ebft s\u1ed1 68\/NQ-CP v\u1ec1 c\u1eaft gi\u1ea3m, \u0111\u01a1n gi\u1ea3n h\u00f3a c\u00e1c quy \u0111\u1ecbnh li\u00ean quan \u0111\u1ebfn kinh doanh giai \u0111o\u1ea1n 2020-2025, b\u1eb1ng c\u00e1ch:&nbsp;<\/p>\n<\/div><\/div>\n<\/div><\/div><\/div>\n<\/div><\/section><\/div>\n\n\n\n<div class=\"section-wrapper\" data-id=\"QINT0R\"><section class=\"wp-block-gutenverse-section guten-element guten-section guten-QINT0R animated guten-element-hide desktop-fadeInUp layout-boxed align-stretch\"><div class=\"guten-background-overlay\"><\/div><div class=\"guten-shape-divider guten-shape-divider-top\"><\/div><div class=\"guten-shape-divider guten-shape-divider-bottom\"><\/div><div class=\"guten-container guten-column-gap-no\">\n<div class=\"wp-block-gutenverse-column guten-element guten-column guten-BesoLb animated guten-element-hide desktop-fadeInUp project-hover-box\"><div class=\"guten-background-overlay\"><\/div><div class=\"sticky-wrapper\" data-id=\"BesoLb\"><div class=\"guten-column-wrapper\">\n<h5 class=\"wp-block-gutenverse-heading guten-element guten-pfEqC0\">01<\/h5>\n\n\n\n<div class=\"guten-element gutenverse-text-editor guten-6AVz2W\"><div class=\"text-content-inner\">\n<p class=\"has-text-align-left\" style=\"line-height:1.6\">R\u00e0 so\u00e1t, nh\u1eadn x\u00e9t v\u00e0 ph\u1ea3n h\u1ed3i c\u00e1c \u0111\u1ec1 xu\u1ea5t c\u1ea3i c\u00e1ch \u0111\u01b0\u1ee3c \u0111\u1ec1 xu\u1ea5t c\u1ee7a c\u00e1c b\u1ed9 ng\u00e0nh<\/p>\n<\/div><\/div>\n<\/div><\/div><\/div>\n\n\n\n<div class=\"wp-block-gutenverse-column guten-element guten-column guten-2Vqprl animated guten-element-hide desktop-fadeInUp project-hover-box\"><div class=\"guten-background-overlay\"><\/div><div class=\"sticky-wrapper\" data-id=\"2Vqprl\"><div class=\"guten-column-wrapper\">\n<h5 class=\"wp-block-gutenverse-heading guten-element guten-T8YJYQ\">02<\/h5>\n\n\n\n<div class=\"guten-element gutenverse-text-editor guten-MB0VbK\"><div class=\"text-content-inner\">\n<p class=\"has-text-align-left\" style=\"line-height:1.6\">X\u00e2y d\u1ef1ng c\u00e1c ti\u00eau ch\u00ed \u0111\u1ec3 x\u00e1c \u0111\u1ecbnh c\u00e1c \u01b0u ti\u00ean h\u00e0nh \u0111\u1ed9ng, bao g\u1ed3m nh\u01b0ng kh\u00f4ng gi\u1edbi h\u1ea1n \u1edf c\u00e1c l\u0129nh v\u1ef1c ch\u1ecbu \u1ea3nh h\u01b0\u1edfng n\u1eb7ng n\u1ec1 nh\u1ea5t v\u00e0 c\u00f3 khi\u1ebfu n\u1ea1i t\u1eeb doanh nghi\u1ec7p; l\u1eadp b\u00e1o c\u00e1o l\u1ef1a ch\u1ecdn l\u0129nh v\u1ef1c ph\u00e1p l\u00fd \u01b0u ti\u00ean \u0111\u1ec3 r\u00e0 so\u00e1t, \u0111\u01a1n gi\u1ea3n h\u00f3a<\/p>\n<\/div><\/div>\n<\/div><\/div><\/div>\n\n\n\n<div class=\"wp-block-gutenverse-column guten-element guten-column guten-Kh0hDH animated guten-element-hide desktop-fadeInUp project-hover-box\"><div class=\"guten-background-overlay\"><\/div><div class=\"sticky-wrapper\" data-id=\"Kh0hDH\"><div class=\"guten-column-wrapper\">\n<h5 class=\"wp-block-gutenverse-heading guten-element guten-s2gOgg\">03<\/h5>\n\n\n\n<div class=\"guten-element gutenverse-text-editor guten-XJaDO9\"><div class=\"text-content-inner\">\n<p class=\"has-text-align-left\" style=\"line-height:1.6\">Ti\u1ebfn h\u00e0nh \u0111\u00e1nh gi\u00e1 t\u00e1c \u0111\u1ed9ng ch\u00ednh s\u00e1ch (RIA) \u0111\u1ed1i v\u1edbi c\u00e1c l\u0129nh v\u1ef1c \u01b0u ti\u00ean v\u00e0 \u0111\u1ec1 xu\u1ea5t c\u00e1c khuy\u1ebfn ngh\u1ecb c\u1ea3i c\u00e1ch<\/p>\n<\/div><\/div>\n<\/div><\/div><\/div>\n\n\n\n<div class=\"wp-block-gutenverse-column guten-element guten-column guten-GV8Nv8 animated guten-element-hide desktop-fadeInUp project-hover-box\"><div class=\"guten-background-overlay\"><\/div><div class=\"sticky-wrapper\" data-id=\"GV8Nv8\"><div class=\"guten-column-wrapper\">\n<h5 class=\"wp-block-gutenverse-heading guten-element guten-4wekUX\">04<\/h5>\n\n\n\n<div class=\"guten-element gutenverse-text-editor guten-aVkyMD\"><div class=\"text-content-inner\">\n<p class=\"has-text-align-left\" style=\"line-height:1.6\">Ti\u1ebfn h\u00e0nh tham v\u1ea5n c\u1ed9ng \u0111\u1ed3ng v\u00e0 trao \u0111\u1ed5i th\u00f4ng tin v\u1edbi c\u00e1c b\u00ean li\u00ean quan \u0111\u1ec3 x\u00e1c \u0111\u1ecbnh m\u1ee5c ti\u00eau\/m\u1ee5c ti\u00eau r\u00f5 r\u00e0ng, x\u00e1c \u0111\u1ecbnh c\u00e1c l\u0129nh v\u1ef1c c\u00f3 v\u1ea5n \u0111\u1ec1 ch\u00ednh, thu th\u1eadp th\u00f4ng tin v\u00e0 d\u1eef li\u1ec7u c\u0169ng nh\u01b0 ph\u00e1t tri\u1ec3n c\u00e1c l\u1ef1a ch\u1ecdn ch\u00ednh s\u00e1ch kh\u1ea3 thi<\/p>\n<\/div><\/div>\n<\/div><\/div><\/div>\n<\/div><\/section><\/div>\n\n\n\n<div class=\"section-wrapper\" data-id=\"HgFuDy\"><section class=\"wp-block-gutenverse-section guten-element guten-section guten-HgFuDy layout-boxed align-stretch\"><div class=\"guten-background-overlay\"><\/div><div class=\"guten-shape-divider guten-shape-divider-top\"><\/div><div class=\"guten-shape-divider guten-shape-divider-bottom\"><\/div><div class=\"guten-container guten-column-gap-default\">\n<div class=\"wp-block-gutenverse-column guten-element guten-column guten-g1zOos animated guten-element-hide desktop-fadeInLeft\"><div class=\"guten-background-overlay\"><\/div><div class=\"sticky-wrapper\" data-id=\"g1zOos\"><div class=\"guten-column-wrapper\">\n<div class=\"guten-element gutenverse-text-editor guten-x2AiAf\"><div class=\"text-content-inner\">\n<p class=\"has-text-align-center has-text-color has-link-color has-primary-font-family wp-elements-000e5c3ab77a4cb42f253cbcd5785187\" style=\"color:#8b0000;font-size:30px\"><strong>K\u1ebeT QU\u1ea2<\/strong><\/p>\n<\/div><\/div>\n\n\n\n<div class=\"guten-element gutenverse-text-editor guten-FAmxf7\"><div class=\"text-content-inner\">\n<p class=\"has-open-sans-font-family\" style=\"margin-top:0;margin-bottom:0;font-size:1rem\">SKVN \u0111\u00e3 ho\u00e0n th\u00e0nh Giai \u0111o\u1ea1n 1 v\u00e0 2 c\u1ee7a d\u1ef1 \u00e1n t\u01b0 v\u1ea5n c\u1eaft gi\u1ea3m, \u0111\u01a1n gi\u1ea3n h\u00f3a c\u00e1c quy \u0111\u1ecbnh kinh doanh ph\u00f9 h\u1ee3p, trong khu\u00f4n kh\u1ed5 d\u1ef1 \u00e1n USAID d\u00e0nh cho doanh nghi\u1ec7p v\u1eeba v\u00e0 nh\u1ecf (LinkSME).&nbsp;<\/p>\n\n\n\n<p class=\"has-open-sans-font-family translation-block\" style=\"margin-top:0;margin-bottom:0;font-size:1rem\">Giai \u0111o\u1ea1n th\u1ee9 nh\u1ea5t v\u00e0 th\u1ee9 hai, \u0111\u01b0\u1ee3c th\u1ef1c hi\u1ec7n v\u1edbi s\u1ef1 ph\u1ed1i h\u1ee3p c\u1ee7a C\u01a1 quan ki\u1ec3m so\u00e1t th\u1ee7 t\u1ee5c h\u00e0nh ch\u00ednh (V\u0103n ph\u00f2ng Ch\u00ednh ph\u1ee7), d\u1eabn \u0111\u1ebfn <strong><mark style=\"background-color:rgba(0, 0, 0, 0);color:#8b0000\" class=\"has-inline-color\">30 bu\u1ed5i tham v\u1ea5n kinh doanh<\/mark><\/strong>\u00a0v\u00e0 <strong><mark style=\"background-color:rgba(0, 0, 0, 0);color:#8b0000\" class=\"has-inline-color\">36 t\u00f3m t\u1eaft ch\u00ednh s\u00e1ch<\/mark>\u00a0<\/strong>v\u1ec1 \u0111\u01a1n gi\u1ea3n h\u00f3a h\u00e0nh ch\u00ednh li\u00ean quan \u0111\u1ebfn ho\u1ea1t \u0111\u1ed9ng kinh doanh do 16 b\u1ed9 ng\u00e0nh qu\u1ea3n l\u00fd:<\/p>\n\n\n\n<ul style=\"font-size:1rem\" class=\"has-black-color has-text-color wp-block-list\">\n<li class=\"has-primary-font-family\" style=\"font-size:1rem\">D\u01b0\u1ee3c ph\u1ea9m<\/li>\n\n\n\n<li class=\"has-primary-font-family\" style=\"font-size:1rem\">Th\u01b0\u01a1ng m\u1ea1i \u0111i\u1ec7n t\u1eed<\/li>\n\n\n\n<li class=\"has-primary-font-family\" style=\"font-size:1rem\">Gi\u00e1o d\u1ee5c \u0111\u1ea1i h\u1ecdc<\/li>\n\n\n\n<li class=\"has-primary-font-family\" style=\"font-size:1rem\">V\u1eadn t\u1ea3i<\/li>\n\n\n\n<li class=\"has-primary-font-family\" style=\"font-size:1rem\">Th\u1ef1c ph\u1ea9m<\/li>\n\n\n\n<li class=\"has-primary-font-family\" style=\"font-size:1rem\">Th\u1ee7y s\u1ea3n<\/li>\n\n\n\n<li class=\"has-primary-font-family\" style=\"font-size:1rem\">C\u00f4ng ch\u1ee9ng<\/li>\n\n\n\n<li class=\"has-primary-font-family\" style=\"font-size:1rem\">Thi h\u00e0nh \u00e1n<\/li>\n\n\n\n<li class=\"has-primary-font-family\" style=\"font-size:1rem\">v.v<\/li>\n<\/ul>\n<\/div><\/div>\n<\/div><\/div><\/div>\n\n\n\n<div class=\"wp-block-gutenverse-column guten-element guten-column guten-pgCJoL animated guten-element-hide desktop-fadeInRight hide-mobile\"><div class=\"guten-background-overlay\"><\/div><div class=\"sticky-wrapper\" data-id=\"pgCJoL\"><div class=\"guten-column-wrapper\">\n<div class=\"guten-element guten-spacer guten-VdMtOJ\"><\/div>\n<\/div><\/div><\/div>\n<\/div><\/section><\/div>\n\n\n\n<div class=\"section-wrapper\" data-id=\"df8nXO\"><section class=\"wp-block-gutenverse-section guten-element guten-section guten-df8nXO layout-boxed align-stretch\"><div class=\"guten-background-overlay\"><\/div><div class=\"guten-shape-divider guten-shape-divider-top\"><\/div><div class=\"guten-shape-divider guten-shape-divider-bottom\"><\/div><div class=\"guten-container guten-column-gap-no\">\n<div class=\"wp-block-gutenverse-column guten-element guten-column guten-a6pzFf animated guten-element-hide desktop-fadeInLeft\"><div class=\"guten-background-overlay\"><\/div><div class=\"sticky-wrapper\" data-id=\"a6pzFf\"><div class=\"guten-column-wrapper\">\n<div class=\"guten-element gutenverse-text-editor guten-oeueHR\"><div class=\"text-content-inner\">\n<p class=\"has-text-align-center has-text-color has-link-color has-primary-font-family wp-elements-ab863a45dcbeeb903eea27a1815361fe\" style=\"color:#8b0000;font-size:30px\"><strong>TIN M\u1edaI NH\u1ea4T<\/strong><\/p>\n<\/div><\/div>\n<\/div><\/div><\/div>\n<\/div><\/section><\/div>\n\n\n\n<div class=\"section-wrapper\" data-id=\"sehuDB\"><section class=\"wp-block-gutenverse-section guten-element guten-section guten-sehuDB layout-boxed align-stretch\"><div class=\"guten-background-overlay\"><\/div><div class=\"guten-shape-divider guten-shape-divider-top\"><\/div><div class=\"guten-shape-divider guten-shape-divider-bottom\"><\/div><div class=\"guten-container guten-column-gap-default\">\n<div class=\"wp-block-gutenverse-column guten-element guten-column guten-2nSoO2\"><div class=\"guten-background-overlay\"><\/div><div class=\"sticky-wrapper\" data-id=\"2nSoO2\"><div class=\"guten-column-wrapper\"><div class=\"root-eb-post-grid-82jpu6v wp-block-essential-blocks-post-grid\">\n    <div class=\"eb-parent-wrapper eb-parent-eb-post-grid-82jpu6v\">\n        <div class=\"eb-post-grid-82jpu6v style-2 eb-post-grid-wrapper\"\n            data-id=\"eb-post-grid-82jpu6v\"\n            data-querydata=\"{&quot;source&quot;:&quot;post&quot;,&quot;sourceIndex&quot;:0,&quot;rest_base&quot;:&quot;posts&quot;,&quot;rest_namespace&quot;:&quot;wp\\\/v2&quot;,&quot;author&quot;:&quot;&quot;,&quot;taxonomies&quot;:{&quot;category&quot;:{&quot;name&quot;:&quot;Categories&quot;,&quot;rest_base&quot;:&quot;categories&quot;,&quot;rest_namespace&quot;:&quot;wp\\\/v2&quot;,&quot;slug&quot;:&quot;category&quot;,&quot;value&quot;:&quot;[{\\&quot;value\\&quot;:1392,\\&quot;label\\&quot;:\\&quot;USAID LinkSME\\&quot;}]&quot;}},&quot;per_page&quot;:&quot;3&quot;,&quot;offset&quot;:&quot;0&quot;,&quot;orderby&quot;:&quot;date&quot;,&quot;order&quot;:&quot;desc&quot;,&quot;include&quot;:&quot;&quot;,&quot;exclude&quot;:&quot;&quot;,&quot;exclude_current&quot;:false}\"\n            data-attributes=\"{&quot;thumbnailSize&quot;:&quot;&quot;,&quot;loadMoreOptions&quot;:{&quot;enableMorePosts&quot;:true,&quot;loadMoreType&quot;:&quot;2&quot;,&quot;loadMoreButtonTxt&quot;:&quot;Load More&quot;,&quot;alignment&quot;:&quot;center&quot;,&quot;prevTxt&quot;:&quot;&lt;&quot;,&quot;nextTxt&quot;:&quot;&gt;&quot;,&quot;totalPosts&quot;:0},&quot;showSearch&quot;:false,&quot;showTaxonomyFilter&quot;:false,&quot;enableAjaxSearch&quot;:false,&quot;addIcon&quot;:false,&quot;iconPosition&quot;:&quot;left&quot;,&quot;icon&quot;:&quot;fas fa-chevron-right&quot;,&quot;preset&quot;:&quot;style-2&quot;,&quot;defaultFilter&quot;:&quot;all&quot;,&quot;version&quot;:&quot;v2&quot;,&quot;showBlockContent&quot;:true,&quot;showFallbackImg&quot;:false,&quot;fallbackImgUrl&quot;:&quot;&quot;,&quot;showThumbnail&quot;:true,&quot;showTitle&quot;:true,&quot;titleLength&quot;:&quot;&quot;,&quot;titleTag&quot;:&quot;h2&quot;,&quot;showContent&quot;:false,&quot;contentLength&quot;:20,&quot;expansionIndicator&quot;:&quot;...&quot;,&quot;showReadMore&quot;:false,&quot;readmoreText&quot;:&quot;Read More&quot;,&quot;showMeta&quot;:false,&quot;headerMeta&quot;:&quot;[{\\&quot;value\\&quot;:\\&quot;date\\&quot;,\\&quot;label\\&quot;:\\&quot;Published Date\\&quot;}]&quot;,&quot;footerMeta&quot;:&quot;[{\\&quot;value\\&quot;:\\&quot;avatar\\&quot;,\\&quot;label\\&quot;:\\&quot;Author Avatar\\&quot;},{\\&quot;value\\&quot;:\\&quot;author\\&quot;,\\&quot;label\\&quot;:\\&quot;Author Name\\&quot;}]&quot;,&quot;authorPrefix&quot;:&quot;by&quot;,&quot;datePrefix&quot;:&quot;on&quot;}\">\n\n            \n\n            <p>\n    No Posts Found<\/p>\n<p class=\"eb-no-posts eb-loadmore-no-post\" style=\"display: none;\">No more posts<\/p>        <\/div>\n    <\/div>\n<\/div>\n<\/div><\/div><\/div>\n<\/div><\/section><\/div>","protected":false},"excerpt":{"rendered":"","protected":false},"author":239629012,"featured_media":0,"parent":0,"menu_order":0,"comment_status":"closed","ping_status":"closed","template":"","meta":{"pgc_meta":"","_eb_attr":"","advanced_seo_description":"","jetpack_seo_html_title":"","jetpack_seo_noindex":false,"footnotes":"","_links_to":"","_links_to_target":""},"class_list":["post-939","page","type-page","status-publish","hentry"],"pgc_meta":"","jetpack_likes_enabled":true,"jetpack_sharing_enabled":true,"jetpack_shortlink":"https:\/\/wp.me\/Pf6FVO-f9","jetpack-related-posts":[],"_links":{"self":[{"href":"https:\/\/sangkienvietnam.org\/vi\/wp-json\/wp\/v2\/pages\/939","targetHints":{"allow":["GET"]}}],"collection":[{"href":"https:\/\/sangkienvietnam.org\/vi\/wp-json\/wp\/v2\/pages"}],"about":[{"href":"https:\/\/sangkienvietnam.org\/vi\/wp-json\/wp\/v2\/types\/page"}],"author":[{"embeddable":true,"href":"https:\/\/sangkienvietnam.org\/vi\/wp-json\/wp\/v2\/users\/239629012"}],"replies":[{"embeddable":true,"href":"https:\/\/sangkienvietnam.org\/vi\/wp-json\/wp\/v2\/comments?post=939"}],"version-history":[{"count":95,"href":"https:\/\/sangkienvietnam.org\/vi\/wp-json\/wp\/v2\/pages\/939\/revisions"}],"predecessor-version":[{"id":4102,"href":"https:\/\/sangkienvietnam.org\/vi\/wp-json\/wp\/v2\/pages\/939\/revisions\/4102"}],"wp:attachment":[{"href":"https:\/\/sangkienvietnam.org\/vi\/wp-json\/wp\/v2\/media?parent=939"}],"curies":[{"name":"wp","href":"https:\/\/api.w.org\/{rel}","templated":true}]}}